


{"id":9058,"date":"2024-06-12T14:49:46","date_gmt":"2024-06-12T14:49:46","guid":{"rendered":"https:\/\/clinicadentaloris.com\/politica-de-privadesa\/"},"modified":"2024-09-09T15:58:34","modified_gmt":"2024-09-09T15:58:34","slug":"politica-de-privadesa","status":"publish","type":"page","link":"https:\/\/clinicadentaloris.com\/ca\/politica-de-privadesa\/","title":{"rendered":"Pol\u00edtica de privadesa"},"content":{"rendered":"<div class=\"fusion-fullwidth fullwidth-box fusion-builder-row-1 fusion-flex-container nonhundred-percent-fullwidth non-hundred-percent-height-scrolling\" style=\"--awb-border-radius-top-left:0px;--awb-border-radius-top-right:0px;--awb-border-radius-bottom-right:0px;--awb-border-radius-bottom-left:0px;--awb-flex-wrap:wrap;\" ><div class=\"fusion-builder-row fusion-row fusion-flex-align-items-flex-start fusion-flex-content-wrap\" style=\"max-width:1248px;margin-left: calc(-4% \/ 2 );margin-right: calc(-4% \/ 2 );\"><div class=\"fusion-layout-column fusion_builder_column fusion-builder-column-0 fusion_builder_column_1_1 1_1 fusion-flex-column\" style=\"--awb-bg-size:cover;--awb-width-large:100%;--awb-margin-top-large:0px;--awb-spacing-right-large:1.92%;--awb-margin-bottom-large:0px;--awb-spacing-left-large:1.92%;--awb-width-medium:100%;--awb-spacing-right-medium:1.92%;--awb-spacing-left-medium:1.92%;--awb-width-small:100%;--awb-spacing-right-small:1.92%;--awb-spacing-left-small:1.92%;\"><div class=\"fusion-column-wrapper fusion-flex-justify-content-flex-start fusion-content-layout-column\"><div class=\"fusion-text fusion-text-1\"><h1>Pol\u00edtica de privadesa<\/h1>\n<p>  La confidencialitat i la seguretat s\u00f3n valors primordials d&#8217;ORIS CL\u00cdNICA D&#8217;ESPECIALITATS ODONTOL\u00d2GIQUES i, en conseq\u00fc\u00e8ncia, assumim el comprom\u00eds de garantir la privadesa de l&#8217;Usuari en tot moment i de no demanar informaci\u00f3 innecess\u00e0ria. A continuaci\u00f3, us proporcionem tota la informaci\u00f3 necess\u00e0ria sobre la nostra Pol\u00edtica de Privadesa en relaci\u00f3 amb les dades personals que recaptem, explicant-vos:   <\/p>\n<ul>\n<li>Qui \u00e9s el responsable del tractament de les vostres dades.<\/li>\n<li>Per a quines finalitats demanem les dades que us sol\u00b7licitem.<\/li>\n<li>Quina \u00e9s la legitimaci\u00f3 per al tractament.<\/li>\n<li>Durant quant de temps els conservem.<\/li>\n<li>A quins destinataris es comuniquen les vostres dades.<\/li>\n<li>Quins s\u00f3n els vostres drets.<\/li>\n<\/ul>\n<p><strong>1. Responsable<\/strong> : ORIS CL\u00cdNICA D&#8217;ESPECIALITATS ODONTOL\u00d2GIQUES, SL (B62761358) C\/ Joan G\u00fcell, n\u00fam. 108 Baixos 08028, Barcelona <a href=\"mailto:info@clinicadentaloris.com\">info@clinicadentaloris.com<\/a> <strong>2. Finalitats, legitimaci\u00f3 i conservaci\u00f3 dels tractaments de les dades<\/strong>  <\/p>\n<ul>\n<li>ENVIAMENT DE CORREUS ELECTR\u00d2NICS.<\/li>\n<\/ul>\n<p><strong>Finalitat:<\/strong> Contestar les vostres sol\u00b7licituds d&#8217;informaci\u00f3, atendre les vostres peticions i respondre les vostres consultes o dubtes. <strong>Legitimaci\u00f3:<\/strong> El consentiment de l&#8217;usuari en sol\u00b7licitar-nos informaci\u00f3 a trav\u00e9s de l&#8217;adre\u00e7a electr\u00f2nica. <strong>Conservaci\u00f3:<\/strong> Fins una vegada contestada la vostra petici\u00f3 per correu electr\u00f2nic, si no heu generat un nou tractament.  <\/p>\n<ul>\n<li>FORMULARI DE SOL\u00b7LICITUD DE CITA.<\/li>\n<\/ul>\n<p><strong>Finalitat:<\/strong> Atendre i gestionar la vostra sol\u00b7licitud de cita al nostre centre, aix\u00ed com enviar-vos comunicacions dels nostres productes i serveis, inclusivament per mitjans electr\u00f2nics, si marca la casella d&#8217;acceptaci\u00f3. <strong>Legitimaci\u00f3:<\/strong> El consentiment de l&#8217;usuari en sol\u00b7licitar-nos cita i informaci\u00f3 a trav\u00e9s del nostre formulari i marcar la casella d&#8217;acceptaci\u00f3 d&#8217;enviament d&#8217;informaci\u00f3. <strong>Conservaci\u00f3:<\/strong> Un cop atesa la cita, durant els terminis legalment previstos a la Llei d&#8217;Autonomia del Pacient. En cas de no atendre, si no \u00e9s pacient del centre, s&#8217;eliminaran transcorregut un mes si no ha generat un nou tractament, i en cas d&#8217;haver acceptat rebre enviaments comercials, fins que sol\u00b7liciti la baixa.   <strong>Obligaci\u00f3 de facilitar-nos les vostres dades personals i conseq\u00fc\u00e8ncies de no fer-ho.<\/strong>  El subministrament de dades personals requereix una edat m\u00ednima de 14 anys, o si escau, disposar de capacitat jur\u00eddica suficient per contractar. Les dades personals sol\u00b7licitades s\u00f3n necess\u00e0ries per gestionar les seves sol\u00b7licituds i\/o prestar-li els serveis que pugui contractar, per la qual cosa, si no ens les facilita, no podrem atendre&#8217;l correctament ni prestar-li el servei que ha sol\u00b7licitat. <strong>3. Destinataris de les vostres dades<\/strong> Les vostres dades s\u00f3n confidencials i no se cediran a tercers, llevat que hi hagi obligaci\u00f3 legal. <strong>4. Drets en relaci\u00f3 amb les vostres dades personals<\/strong> Qualsevol persona pot retirar el vostre consentiment en qualsevol moment, quan aquest s&#8217;hagi atorgat per al tractament de les vostres dades. En cap cas, la retirada daquest consentiment condiciona lexecuci\u00f3 del contracte de subscripci\u00f3 o les relacions generades amb anterioritat. Igualment, pot exercir els drets seg\u00fcents:     <\/p>\n<ul>\n<li>Sol\u00b7licitar l&#8217;acc\u00e9s a les vostres dades personals o la seva rectificaci\u00f3 quan siguin inexactes.<\/li>\n<li>Sol\u00b7licitar-ne la supressi\u00f3 quan, entre altres motius, les dades ja no siguin necess\u00e0ries per als fins per als quals van ser recollides.<\/li>\n<li>Sol\u00b7licitar la limitaci\u00f3 del tractament en determinades circumst\u00e0ncies.<\/li>\n<li>Sol\u00b7licitar l&#8217;oposici\u00f3 al tractament de les vostres dades per motius relacionats amb la vostra situaci\u00f3 particular.<\/li>\n<li>Sol\u00b7licitar la portabilitat de les dades en els casos previstos a la normativa.<\/li>\n<li>Altres drets reconeguts a les normatives aplicables.<\/li>\n<\/ul>\n<p>  On i com sol\u00b7licitar els seus Drets: Mitjan\u00e7ant un escrit dirigit al responsable a la seva adre\u00e7a postal o electr\u00f2nica (indicades a l&#8217;apartat A), indicant la refer\u00e8ncia \u201cDades Personals\u201d, especificant el dret que es vol exercir i respecte a quines dades personals. En cas de diverg\u00e8ncies amb l&#8217;empresa en relaci\u00f3 amb el tractament de les vostres dades, podeu presentar una reclamaci\u00f3 davant l&#8217;Autoritat de Protecci\u00f3 de Dades ( <a href=\"http:\/\/www.agpd.es\/\" target=\"_blank\" rel=\"noopener nofollow\">www.agpd.es<\/a> ). <strong>5. Cookies<\/strong> Aquesta p\u00e0gina web \u00fanicament utilitza cookies t\u00e8cniques, de personalitzaci\u00f3 i an\u00e0lisi, pr\u00f2pies i de tercers (Google Analytics), que en cap cas tracten dades de car\u00e0cter personal ni capten h\u00e0bits de navegaci\u00f3 per a fins publicitaris. Per aix\u00f2, en accedir a la nostra web, en compliment de l&#8217;article 22 de la Llei de Serveis de la Societat de la Informaci\u00f3, en tractar cookies d&#8217;an\u00e0lisi, us hem sol\u00b7licitat el vostre consentiment per al seu \u00fas i facilitat informaci\u00f3 d&#8217;aquestes, que en tot cas sinstal\u00b7laran passat un termini de temps prudencial perqu\u00e8 lusuari tingui temps de decidir prestar el seu consentiment o no. <strong>6. Seguretat de les vostres dades personals<\/strong> Amb l&#8217;objectiu de salvaguardar la seguretat de les vostres dades personals, us informem que hem adoptat totes les mesures d&#8217;\u00edndole t\u00e8cnica i organitzativa necess\u00e0ries per garantir la seguretat de les dades personals subministrades de la vostra alteraci\u00f3, p\u00e8rdua i tractaments. o accessos no autoritzats. <strong>7. Actualitzaci\u00f3 de les vostres dades<\/strong> \u00c9s important que perqu\u00e8 puguem mantenir les vostres dades personals actualitzades, ens informeu sempre que hi hagi hagut alguna modificaci\u00f3 en elles, en cas contrari, no responem de la seva veracitat. No ens fem responsables de la pol\u00edtica de privadesa respecte a les dades personals que pugui facilitar a tercers per mitj\u00e0 dels enlla\u00e7os disponibles a la nostra p\u00e0gina web. Aquesta Pol\u00edtica de Privadesa pot ser modificada per adaptar-les als canvis que es produeixi a la nostra web, aix\u00ed com modificacions legislatives o jurisprudencials sobre dades personals que vagin apareixent, per la qual cosa exigeix \u200b\u200bla seva lectura, cada vegada que ens faciliti les seves dades a trav\u00e9s de aquesta Web.        <\/p>\n<\/div><\/div><\/div><\/div><\/div>\n","protected":false},"excerpt":{"rendered":"","protected":false},"author":1,"featured_media":0,"parent":0,"menu_order":0,"comment_status":"closed","ping_status":"closed","template":"","meta":{"footnotes":""},"class_list":["post-9058","page","type-page","status-publish","hentry"],"_links":{"self":[{"href":"https:\/\/clinicadentaloris.com\/ca\/wp-json\/wp\/v2\/pages\/9058","targetHints":{"allow":["GET"]}}],"collection":[{"href":"https:\/\/clinicadentaloris.com\/ca\/wp-json\/wp\/v2\/pages"}],"about":[{"href":"https:\/\/clinicadentaloris.com\/ca\/wp-json\/wp\/v2\/types\/page"}],"author":[{"embeddable":true,"href":"https:\/\/clinicadentaloris.com\/ca\/wp-json\/wp\/v2\/users\/1"}],"replies":[{"embeddable":true,"href":"https:\/\/clinicadentaloris.com\/ca\/wp-json\/wp\/v2\/comments?post=9058"}],"version-history":[{"count":0,"href":"https:\/\/clinicadentaloris.com\/ca\/wp-json\/wp\/v2\/pages\/9058\/revisions"}],"wp:attachment":[{"href":"https:\/\/clinicadentaloris.com\/ca\/wp-json\/wp\/v2\/media?parent=9058"}],"curies":[{"name":"wp","href":"https:\/\/api.w.org\/{rel}","templated":true}]}}