


{"id":9048,"date":"2024-09-06T08:16:58","date_gmt":"2024-09-06T08:16:58","guid":{"rendered":"https:\/\/clinicadentaloris.com\/politica-de-cookies\/"},"modified":"2024-09-09T15:58:09","modified_gmt":"2024-09-09T15:58:09","slug":"politica-de-cookies","status":"publish","type":"page","link":"https:\/\/clinicadentaloris.com\/ca\/politica-de-cookies\/","title":{"rendered":"Pol\u00edtica de cookies"},"content":{"rendered":"<div class=\"fusion-fullwidth fullwidth-box fusion-builder-row-1 fusion-flex-container has-pattern-background has-mask-background nonhundred-percent-fullwidth non-hundred-percent-height-scrolling\" style=\"--awb-border-radius-top-left:0px;--awb-border-radius-top-right:0px;--awb-border-radius-bottom-right:0px;--awb-border-radius-bottom-left:0px;--awb-flex-wrap:wrap;\" ><div class=\"fusion-builder-row fusion-row fusion-flex-align-items-flex-start fusion-flex-content-wrap\" style=\"max-width:1248px;margin-left: calc(-4% \/ 2 );margin-right: calc(-4% \/ 2 );\"><div class=\"fusion-layout-column fusion_builder_column fusion-builder-column-0 fusion_builder_column_1_1 1_1 fusion-flex-column\" style=\"--awb-bg-size:cover;--awb-width-large:100%;--awb-margin-top-large:0px;--awb-spacing-right-large:1.92%;--awb-margin-bottom-large:20px;--awb-spacing-left-large:1.92%;--awb-width-medium:100%;--awb-order-medium:0;--awb-spacing-right-medium:1.92%;--awb-spacing-left-medium:1.92%;--awb-width-small:100%;--awb-order-small:0;--awb-spacing-right-small:1.92%;--awb-spacing-left-small:1.92%;\"><div class=\"fusion-column-wrapper fusion-column-has-shadow fusion-flex-justify-content-flex-start fusion-content-layout-column\"><div class=\"fusion-text fusion-text-1\"><h1>Pol\u00edcita de cookies<\/h1>\n<p>  Les cookies s\u00f3n informacions breus que s&#8217;envien i s&#8217;emmagatzemen al disc dur de l&#8217;ordinador de l&#8217;usuari a trav\u00e9s del seu navegador quan aquest es connecta a una web. Les galetes es poden utilitzar per demanar i emmagatzemar dades de l&#8217;usuari mentre est\u00e0 connectat per facilitar-vos els serveis sol\u00b7licitats i que no se solen conservar (Cookies de sessi\u00f3), o per conservar les dades de l&#8217;usuari per a un altre tipus de serveis futurs i que es poden conservar per temps indefinit (Cookies persistents). Les galetes poden ser pr\u00f2pies o de tercers. Hi ha diversos tipus de cookies:     <\/p>\n<ul>\n<li>Galetes t\u00e8cniques que faciliten la navegaci\u00f3 de l&#8217;usuari i la utilitzaci\u00f3 de les diferents opcions o serveis que ofereix la web com identificar la sessi\u00f3, permetre l&#8217;acc\u00e9s a determinades \u00e0rees, facilitar comandes, compres, emplenament de formularis, inscripcions, seguretat, facilitar funcionalitats (v\u00eddeos , xarxes socials\u2026).<\/li>\n<li>Galetes de personalitzaci\u00f3 que permeten a l&#8217;usuari accedir als serveis segons les seves prefer\u00e8ncies (idioma, navegador, configuraci\u00f3\u2026).<\/li>\n<li>Galetes d&#8217;an\u00e0lisi que permeten l&#8217;an\u00e0lisi an\u00f2nima del comportament dels usuaris de la web i que permeten mesurar l&#8217;activitat de l&#8217;usuari i elaborar perfils de navegaci\u00f3 per tal de millorar els llocs web.<\/li>\n<li>Galetes publicit\u00e0ries que permeten la gesti\u00f3 dels espais publicitaris de la web.<\/li>\n<li>Cookies de publicitat personalitzada que permeten la gesti\u00f3 dels espais publicitaris de la web en base al comportament i h\u00e0bits de navegaci\u00f3 d&#8217;usuari, d&#8217;on s&#8217;obt\u00e9 el perfil i permeten personalitzar la publicitat que es mostra al navegador de l&#8217;usuari.<\/li>\n<\/ul>\n<p><em> <\/em><\/p>\n<p><strong>ORIS CL\u00cdNICA D&#8217;ESPECIALITATS ODONTOL\u00d2GIQUES<\/strong> <strong>utilitza cookies t\u00e8cniques, de personalitzaci\u00f3 i d&#8217;an\u00e0lisi, pr\u00f2pies i de tercers, que en cap cas tracten dades de car\u00e0cter personal, per\u00f2 capten h\u00e0bits de navegaci\u00f3 per a fins estad\u00edstiques<\/strong> <strong>.<\/strong> Per aix\u00f2, en accedir a la nostra web, en compliment de l&#8217;article 22 de la Llei de Serveis de la Societat de la Informaci\u00f3 us hem sol\u00b7licitat el vostre consentiment per al seu \u00fas. De tota manera, us informem que podeu activar o desactivar i aquestes cookies seguint les instruccions del vostre navegador d&#8217;Internet: Chrome: Configuraci\u00f3 -&gt; Mostrar opcions avan\u00e7ades -&gt; Privadesa -&gt; Configuraci\u00f3 de contingut. Firefox: Eines -&gt; Opcions -&gt; Privadesa -&gt; Historial -&gt; Configuraci\u00f3 Personalitzada. Internet Explorer: Eines -&gt; Opcions d&#8217;Internet -&gt; Privadesa -&gt; Configuraci\u00f3. Safari: Prefer\u00e8ncies -&gt; Seguretat. Opera: Eines &#8211;     &gt;  Prefer\u00e8ncies -&gt;  Edita prefer\u00e8ncies  &gt;  Cookies Edge: Configuraci\u00f3 -&gt;  Veure configuraci\u00f3 avan\u00e7ada -&gt;  Privadesa i serveis -&gt;  Cookies Per a m\u00e9s informaci\u00f3, podeu consultar a l&#8217;Ajuda del vostre navegador oa les p\u00e0gines de suport dels mateixos: Chrome: <a href=\"https:\/\/support.google.com\/\" target=\"_blank\" rel=\"noopener nofollow\">support.google.com<\/a> FireFox: <a href=\"https:\/\/support.mozilla.org\/\" target=\"_blank\" rel=\"noopener nofollow\">support.mozilla.org<\/a> Internet Explorer: <a href=\"https:\/\/windows.microsoft.com\/\" target=\"_blank\" rel=\"noopener nofollow\">windows.microsoft.com<\/a> Safari: <a href=\"http:\/\/www.apple.com\/\" target=\"_blank\" rel=\"noopener nofollow\">http:\/ \/www.apple.com<\/a> Opera: <a href=\"http:\/\/www.opera.com\/help\/tutorials\/security\/cookies\/\" target=\"_blank\" rel=\"noopener nofollow\">http:\/\/www.opera.com\/help\/tutorials\/security\/cookies\/<\/a> Edge:       <a href=\"https:\/\/privacy.microsoft.com\/es-es\/windows-10-microsoft-edge-and-privacy\" target=\"_blank\" rel=\"noopener nofollow\">https:\/\/privacy.microsoft.com\/es-es\/windows-10-microsoft-edge-and-privacy<\/a><\/p>\n<\/div><\/div><\/div><\/div><\/div>\n","protected":false},"excerpt":{"rendered":"","protected":false},"author":1,"featured_media":0,"parent":0,"menu_order":0,"comment_status":"closed","ping_status":"closed","template":"100-width.php","meta":{"footnotes":""},"class_list":["post-9048","page","type-page","status-publish","hentry"],"_links":{"self":[{"href":"https:\/\/clinicadentaloris.com\/ca\/wp-json\/wp\/v2\/pages\/9048","targetHints":{"allow":["GET"]}}],"collection":[{"href":"https:\/\/clinicadentaloris.com\/ca\/wp-json\/wp\/v2\/pages"}],"about":[{"href":"https:\/\/clinicadentaloris.com\/ca\/wp-json\/wp\/v2\/types\/page"}],"author":[{"embeddable":true,"href":"https:\/\/clinicadentaloris.com\/ca\/wp-json\/wp\/v2\/users\/1"}],"replies":[{"embeddable":true,"href":"https:\/\/clinicadentaloris.com\/ca\/wp-json\/wp\/v2\/comments?post=9048"}],"version-history":[{"count":0,"href":"https:\/\/clinicadentaloris.com\/ca\/wp-json\/wp\/v2\/pages\/9048\/revisions"}],"wp:attachment":[{"href":"https:\/\/clinicadentaloris.com\/ca\/wp-json\/wp\/v2\/media?parent=9048"}],"curies":[{"name":"wp","href":"https:\/\/api.w.org\/{rel}","templated":true}]}}